{"id":9,"date":"2019-03-04T02:09:12","date_gmt":"2019-03-03T23:09:12","guid":{"rendered":"http:\/\/www.clubsema.com\/?page_id=9"},"modified":"2025-02-01T15:15:01","modified_gmt":"2025-02-01T12:15:01","slug":"hakkimizda","status":"publish","type":"page","link":"https:\/\/www.clubsema.com\/index.php\/hakkimizda\/","title":{"rendered":"Hakk\u0131m\u0131zda"},"content":{"rendered":"\n<p>Club Sema, \u015f\u0131k ve modern dekorasyona sahip, konforlu odalar\u0131 ile hizmet veriyor. Geni\u015f bir alan \u00fczerinde kurulu tesis, \u00f6zenle tasarlanm\u0131\u015f bah\u00e7e peyzaj\u0131 ve zengin a\u011fa\u00e7 \u00e7e\u015fitlili\u011fi ile misafirlerine a\u00e7\u0131k havada keyifle vakit ge\u00e7irebilecekleri bir ye\u015fil alan sunuyor. Tesiste a\u00e7\u0131k havuz, \u00e7ocuk havuzu ve g\u00fcne\u015flenme alanlar\u0131 da mevcut. Tesisin restoran\u0131nda a\u00e7\u0131k b\u00fcfe lezzetler ve her damak zevkine hitap eden bir men\u00fc sunuluyor. Ayr\u0131ca tesiste bir havuz bar da bulunuyor. Club Sema Dalaman Havaliman\u0131\u2019na araba ile yakla\u015f\u0131k 1 saat 10 dakikal\u0131k mesafede konumlan\u0131yor. Tesis, Dat\u00e7a merkeze 1 saat 10 dakika, Fethiye merkeze ise 1 saat 40 dakika uzakl\u0131kta yer al\u0131yor. Marmaris\u2019in merkezinde konumlanan Club Sema, do\u011fal ve tarihi g\u00fczellikler ile \u00e7evrili bir atmosferde misafirlerini a\u011f\u0131rl\u0131yor. Halk plaj\u0131 tesise 250 m mesafede bulunuyor. Sahile 5 dakikal\u0131k y\u00fcr\u00fcy\u00fc\u015f mesafesindeki tesisten, Marmaris Barlar Soka\u011f\u0131\u2019na da birka\u00e7 dakikal\u0131k y\u00fcr\u00fcy\u00fc\u015f ile ula\u015fmak m\u00fcmk\u00fcn. Tesis konumu ile tatilde denizin ve e\u011flencenin tad\u0131n\u0131 \u00e7\u0131karmak isteyen misafirler i\u00e7in avantaj sunuyor. Tesis misafirlerini modern ve \u015f\u0131k bir \u015fekilde dekore edilmi\u015f odalar\u0131nda a\u011f\u0131rl\u0131yor. Odalar\u0131nda misafirlerin konforu i\u00e7in klima, Wi-Fi eri\u015fimi gibi pek \u00e7ok detay d\u00fc\u015f\u00fcn\u00fclm\u00fc\u015f. <\/p>\n","protected":false},"excerpt":{"rendered":"<p>Club Sema, \u015f\u0131k ve modern dekorasyona sahip, konforlu odalar\u0131 ile hizmet veriyor. Geni\u015f bir alan \u00fczerinde kurulu tesis, \u00f6zenle tasarlanm\u0131\u015f bah\u00e7e peyzaj\u0131 ve zengin a\u011fa\u00e7 \u00e7e\u015fitlili\u011fi ile misafirlerine a\u00e7\u0131k havada keyifle vakit ge\u00e7irebilecekleri bir ye\u015fil alan sunuyor. Tesiste a\u00e7\u0131k havuz, \u00e7ocuk havuzu ve g\u00fcne\u015flenme alanlar\u0131 da mevcut. Tesisin restoran\u0131nda a\u00e7\u0131k b\u00fcfe lezzetler ve her damak &hellip; <\/p>\n<p class=\"link-more\"><a href=\"https:\/\/www.clubsema.com\/index.php\/hakkimizda\/\" class=\"more-link\">Okumaya devam et<span class=\"screen-reader-text\"> &#8220;Hakk\u0131m\u0131zda&#8221;<\/span><\/a><\/p>\n","protected":false},"author":2,"featured_media":0,"parent":0,"menu_order":0,"comment_status":"closed","ping_status":"closed","template":"","meta":{"footnotes":""},"_links":{"self":[{"href":"https:\/\/www.clubsema.com\/index.php\/wp-json\/wp\/v2\/pages\/9"}],"collection":[{"href":"https:\/\/www.clubsema.com\/index.php\/wp-json\/wp\/v2\/pages"}],"about":[{"href":"https:\/\/www.clubsema.com\/index.php\/wp-json\/wp\/v2\/types\/page"}],"author":[{"embeddable":true,"href":"https:\/\/www.clubsema.com\/index.php\/wp-json\/wp\/v2\/users\/2"}],"replies":[{"embeddable":true,"href":"https:\/\/www.clubsema.com\/index.php\/wp-json\/wp\/v2\/comments?post=9"}],"version-history":[{"count":3,"href":"https:\/\/www.clubsema.com\/index.php\/wp-json\/wp\/v2\/pages\/9\/revisions"}],"predecessor-version":[{"id":45,"href":"https:\/\/www.clubsema.com\/index.php\/wp-json\/wp\/v2\/pages\/9\/revisions\/45"}],"wp:attachment":[{"href":"https:\/\/www.clubsema.com\/index.php\/wp-json\/wp\/v2\/media?parent=9"}],"curies":[{"name":"wp","href":"https:\/\/api.w.org\/{rel}","templated":true}]}}