{"id":8,"date":"2019-03-04T02:09:12","date_gmt":"2019-03-03T23:09:12","guid":{"rendered":"http:\/\/www.clubsema.com\/?page_id=8"},"modified":"2025-02-01T15:11:34","modified_gmt":"2025-02-01T12:11:34","slug":"ana-sayfa","status":"publish","type":"page","link":"https:\/\/www.clubsema.com\/","title":{"rendered":"Ana sayfa"},"content":{"rendered":"\n<p>An\u0131lar\u0131n\u0131z\u0131 Bizimle Biriktirin. Erken Rezervasyon F\u0131rsatlar\u0131 \u0130le Tatilinizi En G\u00fczel Hale Getirin.<\/p>\n","protected":false},"excerpt":{"rendered":"<p>An\u0131lar\u0131n\u0131z\u0131 Bizimle Biriktirin. Erken Rezervasyon F\u0131rsatlar\u0131 \u0130le Tatilinizi En G\u00fczel Hale Getirin.<\/p>\n","protected":false},"author":1,"featured_media":0,"parent":0,"menu_order":0,"comment_status":"closed","ping_status":"closed","template":"","meta":{"footnotes":""},"_links":{"self":[{"href":"https:\/\/www.clubsema.com\/index.php\/wp-json\/wp\/v2\/pages\/8"}],"collection":[{"href":"https:\/\/www.clubsema.com\/index.php\/wp-json\/wp\/v2\/pages"}],"about":[{"href":"https:\/\/www.clubsema.com\/index.php\/wp-json\/wp\/v2\/types\/page"}],"author":[{"embeddable":true,"href":"https:\/\/www.clubsema.com\/index.php\/wp-json\/wp\/v2\/users\/1"}],"replies":[{"embeddable":true,"href":"https:\/\/www.clubsema.com\/index.php\/wp-json\/wp\/v2\/comments?post=8"}],"version-history":[{"count":2,"href":"https:\/\/www.clubsema.com\/index.php\/wp-json\/wp\/v2\/pages\/8\/revisions"}],"predecessor-version":[{"id":42,"href":"https:\/\/www.clubsema.com\/index.php\/wp-json\/wp\/v2\/pages\/8\/revisions\/42"}],"wp:attachment":[{"href":"https:\/\/www.clubsema.com\/index.php\/wp-json\/wp\/v2\/media?parent=8"}],"curies":[{"name":"wp","href":"https:\/\/api.w.org\/{rel}","templated":true}]}}