{"id":10,"date":"2019-03-04T02:09:12","date_gmt":"2019-03-03T23:09:12","guid":{"rendered":"http:\/\/www.clubsema.com\/?page_id=10"},"modified":"2025-02-01T15:17:37","modified_gmt":"2025-02-01T12:17:37","slug":"bize-ulasin","status":"publish","type":"page","link":"https:\/\/www.clubsema.com\/index.php\/bize-ulasin\/","title":{"rendered":"Bize ula\u015f\u0131n"},"content":{"rendered":"\n<p>Marmaris \u015fehir merkezinde olan konumumuz her yere y\u00fcr\u00fcme mesafesinde olup siz de\u011ferli misafirlerimiz i\u00e7in b\u00fcy\u00fck kolayl\u0131k sa\u011flamaktad\u0131r.<\/p>\n","protected":false},"excerpt":{"rendered":"<p>Marmaris \u015fehir merkezinde olan konumumuz her yere y\u00fcr\u00fcme mesafesinde olup siz de\u011ferli misafirlerimiz i\u00e7in b\u00fcy\u00fck kolayl\u0131k sa\u011flamaktad\u0131r.<\/p>\n","protected":false},"author":1,"featured_media":0,"parent":0,"menu_order":0,"comment_status":"closed","ping_status":"closed","template":"","meta":{"footnotes":""},"_links":{"self":[{"href":"https:\/\/www.clubsema.com\/index.php\/wp-json\/wp\/v2\/pages\/10"}],"collection":[{"href":"https:\/\/www.clubsema.com\/index.php\/wp-json\/wp\/v2\/pages"}],"about":[{"href":"https:\/\/www.clubsema.com\/index.php\/wp-json\/wp\/v2\/types\/page"}],"author":[{"embeddable":true,"href":"https:\/\/www.clubsema.com\/index.php\/wp-json\/wp\/v2\/users\/1"}],"replies":[{"embeddable":true,"href":"https:\/\/www.clubsema.com\/index.php\/wp-json\/wp\/v2\/comments?post=10"}],"version-history":[{"count":3,"href":"https:\/\/www.clubsema.com\/index.php\/wp-json\/wp\/v2\/pages\/10\/revisions"}],"predecessor-version":[{"id":47,"href":"https:\/\/www.clubsema.com\/index.php\/wp-json\/wp\/v2\/pages\/10\/revisions\/47"}],"wp:attachment":[{"href":"https:\/\/www.clubsema.com\/index.php\/wp-json\/wp\/v2\/media?parent=10"}],"curies":[{"name":"wp","href":"https:\/\/api.w.org\/{rel}","templated":true}]}}